{"id":2,"date":"2016-02-03T04:08:41","date_gmt":"2016-02-03T04:08:41","guid":{"rendered":"http:\/\/wp442m.a10-52-158-154.qa.plesk.ru\/wordpress\/?page_id=2"},"modified":"2016-02-22T10:18:30","modified_gmt":"2016-02-22T10:18:30","slug":"sample-page","status":"publish","type":"page","link":"https:\/\/jugend.tc-stoermede.de\/?page_id=2","title":{"rendered":"Termine"},"content":{"rendered":"<p>Hier werden aktuell f\u00fcr alle Eltern die Termine des TC-St\u00f6rmede, Abtlg. Jugend ver\u00f6ffentlicht &#8211; \u00f6fters mal vorbeischauen !<\/p>\n","protected":false},"excerpt":{"rendered":"<p>Hier werden aktuell f\u00fcr alle Eltern die Termine des TC-St\u00f6rmede, Abtlg. Jugend ver\u00f6ffentlicht &#8211; \u00f6fters mal vorbeischauen !<\/p>\n","protected":false},"author":2,"featured_media":0,"parent":0,"menu_order":0,"comment_status":"closed","ping_status":"closed","template":"","meta":{"ngg_post_thumbnail":0,"footnotes":""},"_links":{"self":[{"href":"https:\/\/jugend.tc-stoermede.de\/index.php?rest_route=\/wp\/v2\/pages\/2"}],"collection":[{"href":"https:\/\/jugend.tc-stoermede.de\/index.php?rest_route=\/wp\/v2\/pages"}],"about":[{"href":"https:\/\/jugend.tc-stoermede.de\/index.php?rest_route=\/wp\/v2\/types\/page"}],"author":[{"embeddable":true,"href":"https:\/\/jugend.tc-stoermede.de\/index.php?rest_route=\/wp\/v2\/users\/2"}],"replies":[{"embeddable":true,"href":"https:\/\/jugend.tc-stoermede.de\/index.php?rest_route=%2Fwp%2Fv2%2Fcomments&post=2"}],"version-history":[{"count":1,"href":"https:\/\/jugend.tc-stoermede.de\/index.php?rest_route=\/wp\/v2\/pages\/2\/revisions"}],"predecessor-version":[{"id":5873,"href":"https:\/\/jugend.tc-stoermede.de\/index.php?rest_route=\/wp\/v2\/pages\/2\/revisions\/5873"}],"wp:attachment":[{"href":"https:\/\/jugend.tc-stoermede.de\/index.php?rest_route=%2Fwp%2Fv2%2Fmedia&parent=2"}],"curies":[{"name":"wp","href":"https:\/\/api.w.org\/{rel}","templated":true}]}}